{"id":33488,"date":"2025-02-26T21:49:07","date_gmt":"2025-02-26T20:49:07","guid":{"rendered":"https:\/\/cimm-icmm.org\/sobre-nosotros-3\/"},"modified":"2026-02-04T18:05:25","modified_gmt":"2026-02-04T17:05:25","slug":"sobre-nosotros-3","status":"publish","type":"page","link":"https:\/\/cimm-icmm.org\/es\/sobre-nosotros-3\/","title":{"rendered":"Sobre nosotros"},"content":{"rendered":"\t\t<div data-elementor-type=\"wp-page\" data-elementor-id=\"33488\" class=\"elementor elementor-33488 elementor-19156\" data-elementor-post-type=\"page\">\n\t\t\t\t<div class=\"elementor-element elementor-element-1c9f4c5 e-flex e-con-boxed e-con e-parent\" data-id=\"1c9f4c5\" data-element_type=\"container\" data-e-type=\"container\">\n\t\t\t\t\t<div class=\"e-con-inner\">\n\t\t<div class=\"elementor-element elementor-element-60de299 e-con-full e-flex e-con e-child\" data-id=\"60de299\" data-element_type=\"container\" data-e-type=\"container\">\n\t\t\t\t<div class=\"elementor-element elementor-element-677d293 elementor-widget elementor-widget-heading\" data-id=\"677d293\" data-element_type=\"widget\" data-e-type=\"widget\" data-widget_type=\"heading.default\">\n\t\t\t\t<div class=\"elementor-widget-container\">\n\t\t\t\t\t<h2 class=\"elementor-heading-title elementor-size-default\">Sobre nosotros<\/h2>\t\t\t\t<\/div>\n\t\t\t\t<\/div>\n\t\t\t\t<\/div>\n\t\t\t\t\t<\/div>\n\t\t\t\t<\/div>\n\t\t<div class=\"elementor-element elementor-element-bc4a6b5 e-flex e-con-boxed e-con e-parent\" data-id=\"bc4a6b5\" data-element_type=\"container\" data-e-type=\"container\">\n\t\t\t\t\t<div class=\"e-con-inner\">\n\t\t<div class=\"elementor-element elementor-element-66c1dd8 e-grid e-con-full e-con e-child\" data-id=\"66c1dd8\" data-element_type=\"container\" data-e-type=\"container\">\n\t\t<div class=\"elementor-element elementor-element-2fb90e1 e-con-full e-flex e-con e-child\" data-id=\"2fb90e1\" data-element_type=\"container\" data-e-type=\"container\" data-settings=\"{&quot;background_background&quot;:&quot;classic&quot;}\">\n\t\t<div class=\"elementor-element elementor-element-462a526 e-con-full e-flex e-con e-child\" data-id=\"462a526\" data-element_type=\"container\" data-e-type=\"container\">\n\t\t\t\t<div class=\"elementor-element elementor-element-4352298 elementor-widget elementor-widget-image\" data-id=\"4352298\" data-element_type=\"widget\" data-e-type=\"widget\" data-settings=\"{&quot;_animation&quot;:&quot;none&quot;}\" data-widget_type=\"image.default\">\n\t\t\t\t<div class=\"elementor-widget-container\">\n\t\t\t\t\t\t\t\t\t\t\t\t\t\t\t<img fetchpriority=\"high\" decoding=\"async\" width=\"850\" height=\"310\" src=\"https:\/\/cimm-icmm.org\/wp-content\/uploads\/2024\/11\/whoarewe.png\" class=\"attachment-large size-large wp-image-2709\" alt=\"\" srcset=\"https:\/\/cimm-icmm.org\/wp-content\/uploads\/2024\/11\/whoarewe.png 850w, https:\/\/cimm-icmm.org\/wp-content\/uploads\/2024\/11\/whoarewe-300x109.png 300w, https:\/\/cimm-icmm.org\/wp-content\/uploads\/2024\/11\/whoarewe-768x280.png 768w\" sizes=\"(max-width: 850px) 100vw, 850px\" \/>\t\t\t\t\t\t\t\t\t\t\t\t\t\t\t<\/div>\n\t\t\t\t<\/div>\n\t\t\t\t<\/div>\n\t\t\t\t<div class=\"elementor-element elementor-element-a14313a elementor-widget elementor-widget-text-editor\" data-id=\"a14313a\" data-element_type=\"widget\" data-e-type=\"widget\" data-widget_type=\"text-editor.default\">\n\t\t\t\t<div class=\"elementor-widget-container\">\n\t\t\t\t\t\t\t\t\t<p><span style=\"color: #ffffff;\"><strong>\u00bfQui\u00e9nes somos?<\/strong><\/span><\/p>\n\t\t\t\t\t\t\t\t<\/div>\n\t\t\t\t<\/div>\n\t\t\t\t<div class=\"elementor-element elementor-element-9858797 elementor-widget elementor-widget-text-editor\" data-id=\"9858797\" data-element_type=\"widget\" data-e-type=\"widget\" data-widget_type=\"text-editor.default\">\n\t\t\t\t<div class=\"elementor-widget-container\">\n\t\t\t\t\t\t\t\t\t<p>El Comit\u00e9 Internacional de Medicina Militar (ICMM) es una organizaci\u00f3n internacional intergubernamental fundada en 1921.  <br>Como homenaje a B\u00e9lgica, que tom\u00f3 la iniciativa de fundar la organizaci\u00f3n precursora del Comit\u00e9 Internacional de Medicina Militar, la sede de la Secretar\u00eda General del ICMM se encuentra en B\u00e9lgica.<\/p><p><span style=\"color: #ffffff;\"><a style=\"color: #ffffff;\" href=\"https:\/\/cimm-icmm.org\/es\/quienes-somos\/\"><strong>M\u00e1s informaci\u00f3n<\/strong><\/a><\/span><\/p>\t\t\t\t\t\t\t\t<\/div>\n\t\t\t\t<\/div>\n\t\t\t\t<\/div>\n\t\t<div class=\"elementor-element elementor-element-41cb58d e-con-full e-flex e-con e-child\" data-id=\"41cb58d\" data-element_type=\"container\" data-e-type=\"container\" data-settings=\"{&quot;background_background&quot;:&quot;classic&quot;}\">\n\t\t<div class=\"elementor-element elementor-element-86b0c1e e-con-full e-flex e-con e-child\" data-id=\"86b0c1e\" data-element_type=\"container\" data-e-type=\"container\">\n\t\t\t\t<div class=\"elementor-element elementor-element-e8f5ad1 elementor-widget elementor-widget-image\" data-id=\"e8f5ad1\" data-element_type=\"widget\" data-e-type=\"widget\" data-settings=\"{&quot;_animation&quot;:&quot;none&quot;}\" data-widget_type=\"image.default\">\n\t\t\t\t<div class=\"elementor-widget-container\">\n\t\t\t\t\t\t\t\t\t\t\t\t\t\t\t<img decoding=\"async\" width=\"1024\" height=\"373\" src=\"https:\/\/cimm-icmm.org\/wp-content\/uploads\/2024\/11\/structure-1024x373.png\" class=\"attachment-large size-large wp-image-2782\" alt=\"\" srcset=\"https:\/\/cimm-icmm.org\/wp-content\/uploads\/2024\/11\/structure-1024x373.png 1024w, https:\/\/cimm-icmm.org\/wp-content\/uploads\/2024\/11\/structure-300x109.png 300w, https:\/\/cimm-icmm.org\/wp-content\/uploads\/2024\/11\/structure-768x280.png 768w, https:\/\/cimm-icmm.org\/wp-content\/uploads\/2024\/11\/structure-1536x559.png 1536w, https:\/\/cimm-icmm.org\/wp-content\/uploads\/2024\/11\/structure-2048x746.png 2048w\" sizes=\"(max-width: 1024px) 100vw, 1024px\" \/>\t\t\t\t\t\t\t\t\t\t\t\t\t\t\t<\/div>\n\t\t\t\t<\/div>\n\t\t\t\t<\/div>\n\t\t\t\t<div class=\"elementor-element elementor-element-8a82706 elementor-widget elementor-widget-text-editor\" data-id=\"8a82706\" data-element_type=\"widget\" data-e-type=\"widget\" data-widget_type=\"text-editor.default\">\n\t\t\t\t<div class=\"elementor-widget-container\">\n\t\t\t\t\t\t\t\t\t<p><span style=\"color: #ffffff;\"><strong>Estructura del ICMM<\/strong><\/span><\/p>\n\t\t\t\t\t\t\t\t<\/div>\n\t\t\t\t<\/div>\n\t\t\t\t<div class=\"elementor-element elementor-element-37b2660 elementor-widget elementor-widget-text-editor\" data-id=\"37b2660\" data-element_type=\"widget\" data-e-type=\"widget\" data-widget_type=\"text-editor.default\">\n\t\t\t\t<div class=\"elementor-widget-container\">\n\t\t\t\t\t\t\t\t\t<p>&gt;  Comisiones T\u00e9cnicas<br>&gt; Centro de Referencia para la Ense\u00f1anza del Derecho Internacional Humanitario y la \u00c9tica.<br>&gt; Estructura general<br>&gt; Grupos de Trabajo Regionales (GTR)<\/p>\n<p><strong><a href=\"https:\/\/cimm-icmm.org\/es\/estructura-de-la-cimm\/\"><span style=\"color: #ffffff;\">M\u00e1s informaci\u00f3n<\/span><\/a><br><\/strong><\/p>\t\t\t\t\t\t\t\t<\/div>\n\t\t\t\t<\/div>\n\t\t\t\t<\/div>\n\t\t\t\t<\/div>\n\t\t\t\t\t<\/div>\n\t\t\t\t<\/div>\n\t\t<div class=\"elementor-element elementor-element-7319704 e-flex e-con-boxed e-con e-parent\" data-id=\"7319704\" data-element_type=\"container\" data-e-type=\"container\">\n\t\t\t\t\t<div class=\"e-con-inner\">\n\t\t<div class=\"elementor-element elementor-element-f9c3a70 e-grid e-con-full e-con e-child\" data-id=\"f9c3a70\" data-element_type=\"container\" data-e-type=\"container\">\n\t\t<div class=\"elementor-element elementor-element-c2ed427 e-con-full e-flex e-con e-child\" data-id=\"c2ed427\" data-element_type=\"container\" data-e-type=\"container\" data-settings=\"{&quot;background_background&quot;:&quot;classic&quot;}\">\n\t\t<div class=\"elementor-element elementor-element-c335626 e-con-full e-flex e-con e-child\" data-id=\"c335626\" data-element_type=\"container\" data-e-type=\"container\">\n\t\t\t\t<div class=\"elementor-element elementor-element-c177a8c elementor-widget elementor-widget-image\" data-id=\"c177a8c\" data-element_type=\"widget\" data-e-type=\"widget\" data-settings=\"{&quot;_animation&quot;:&quot;none&quot;}\" data-widget_type=\"image.default\">\n\t\t\t\t<div class=\"elementor-widget-container\">\n\t\t\t\t\t\t\t\t\t\t\t\t\t\t\t<img decoding=\"async\" width=\"1024\" height=\"372\" src=\"https:\/\/cimm-icmm.org\/wp-content\/uploads\/2024\/11\/countries_flags-1024x372.png\" class=\"attachment-large size-large wp-image-2783\" alt=\"\" srcset=\"https:\/\/cimm-icmm.org\/wp-content\/uploads\/2024\/11\/countries_flags-1024x372.png 1024w, https:\/\/cimm-icmm.org\/wp-content\/uploads\/2024\/11\/countries_flags-300x109.png 300w, https:\/\/cimm-icmm.org\/wp-content\/uploads\/2024\/11\/countries_flags-768x279.png 768w, https:\/\/cimm-icmm.org\/wp-content\/uploads\/2024\/11\/countries_flags-1536x559.png 1536w, https:\/\/cimm-icmm.org\/wp-content\/uploads\/2024\/11\/countries_flags-2048x745.png 2048w\" sizes=\"(max-width: 1024px) 100vw, 1024px\" \/>\t\t\t\t\t\t\t\t\t\t\t\t\t\t\t<\/div>\n\t\t\t\t<\/div>\n\t\t\t\t<\/div>\n\t\t\t\t<div class=\"elementor-element elementor-element-a9b1446 elementor-widget elementor-widget-text-editor\" data-id=\"a9b1446\" data-element_type=\"widget\" data-e-type=\"widget\" data-widget_type=\"text-editor.default\">\n\t\t\t\t<div class=\"elementor-widget-container\">\n\t\t\t\t\t\t\t\t\t<p><span style=\"color: #ffffff;\"><strong>Estados miembros<\/strong><\/span><\/p>\n\t\t\t\t\t\t\t\t<\/div>\n\t\t\t\t<\/div>\n\t\t\t\t<div class=\"elementor-element elementor-element-60a94a1 elementor-widget elementor-widget-text-editor\" data-id=\"60a94a1\" data-element_type=\"widget\" data-e-type=\"widget\" data-widget_type=\"text-editor.default\">\n\t\t\t\t<div class=\"elementor-widget-container\">\n\t\t\t\t\t\t\t\t\t<p>Actualmente, 120 pa\u00edses son miembros del ICMM, m\u00e1s tres miembros observadores. Los pa\u00edses fundadores son : B\u00e9lgica, Brasil, Espa\u00f1a, Estados Unidos, Francia, Italia, Reino Unido y Suiza. <\/p>\n<p><a style=\"color: #ffffff;\" href=\"https:\/\/cimm-icmm.org\/es\/estados-miembros\/\"><strong>M\u00e1s informaci\u00f3n<\/strong><\/a><\/p>\t\t\t\t\t\t\t\t<\/div>\n\t\t\t\t<\/div>\n\t\t\t\t<\/div>\n\t\t<div class=\"elementor-element elementor-element-da8356a e-con-full e-flex e-con e-child\" data-id=\"da8356a\" data-element_type=\"container\" data-e-type=\"container\" data-settings=\"{&quot;background_background&quot;:&quot;classic&quot;}\">\n\t\t<div class=\"elementor-element elementor-element-62c0b6a e-con-full e-flex e-con e-child\" data-id=\"62c0b6a\" data-element_type=\"container\" data-e-type=\"container\">\n\t\t\t\t<div class=\"elementor-element elementor-element-371d0aa elementor-widget elementor-widget-image\" data-id=\"371d0aa\" data-element_type=\"widget\" data-e-type=\"widget\" data-settings=\"{&quot;_animation&quot;:&quot;none&quot;}\" data-widget_type=\"image.default\">\n\t\t\t\t<div class=\"elementor-widget-container\">\n\t\t\t\t\t\t\t\t\t\t\t\t\t\t\t<img loading=\"lazy\" decoding=\"async\" width=\"1024\" height=\"373\" src=\"https:\/\/cimm-icmm.org\/wp-content\/uploads\/2024\/11\/whoweare-1024x373.png\" class=\"attachment-large size-large wp-image-2781\" alt=\"\" srcset=\"https:\/\/cimm-icmm.org\/wp-content\/uploads\/2024\/11\/whoweare-1024x373.png 1024w, https:\/\/cimm-icmm.org\/wp-content\/uploads\/2024\/11\/whoweare-300x109.png 300w, https:\/\/cimm-icmm.org\/wp-content\/uploads\/2024\/11\/whoweare-768x280.png 768w, https:\/\/cimm-icmm.org\/wp-content\/uploads\/2024\/11\/whoweare.png 1303w\" sizes=\"(max-width: 1024px) 100vw, 1024px\" \/>\t\t\t\t\t\t\t\t\t\t\t\t\t\t\t<\/div>\n\t\t\t\t<\/div>\n\t\t\t\t<\/div>\n\t\t\t\t<div class=\"elementor-element elementor-element-056dec5 elementor-widget elementor-widget-text-editor\" data-id=\"056dec5\" data-element_type=\"widget\" data-e-type=\"widget\" data-widget_type=\"text-editor.default\">\n\t\t\t\t<div class=\"elementor-widget-container\">\n\t\t\t\t\t\t\t\t\t<p><span style=\"color: #ffffff;\"><strong>Historia del Comit\u00e9 Internacional de Medicina Militar<\/strong><\/span><\/p>\t\t\t\t\t\t\t\t<\/div>\n\t\t\t\t<\/div>\n\t\t\t\t<div class=\"elementor-element elementor-element-6f280b4 elementor-widget__width-initial elementor-widget elementor-widget-text-editor\" data-id=\"6f280b4\" data-element_type=\"widget\" data-e-type=\"widget\" data-widget_type=\"text-editor.default\">\n\t\t\t\t<div class=\"elementor-widget-container\">\n\t\t\t\t\t\t\t\t\t<p>De vuelta en B\u00e9lgica, Jules VONCKEN convenci\u00f3 a las autoridades militares y, con el apoyo de Su Majestad el Rey de los Belgas ALBERTO I, el 21 de julio de 1921 se fund\u00f3 oficialmente el Comit\u00e9 Permanente de Congresos Internacionales de Medicina y Farmacia Militar (CPCIMPM). Los ocho pa\u00edses fundadores fueron B\u00e9lgica, Estados Unidos, Reino Unido, Suiza, Italia, Espa\u00f1a, Francia y Brasil. El primer Congreso de Medicina y Farmacia Militar se celebr\u00f3 en Bruselas en julio de 1921.  <\/p><p><span style=\"color: #ffffff;\"><a style=\"color: #ffffff;\" href=\"https:\/\/cimm-icmm.org\/es\/historia-del-icmm\/\"><strong>M\u00e1s informaci\u00f3n<\/strong><\/a><\/span><\/p>\t\t\t\t\t\t\t\t<\/div>\n\t\t\t\t<\/div>\n\t\t\t\t<\/div>\n\t\t\t\t<\/div>\n\t\t\t\t\t<\/div>\n\t\t\t\t<\/div>\n\t\t<div class=\"elementor-element elementor-element-a26da5b e-flex e-con-boxed e-con e-parent\" data-id=\"a26da5b\" data-element_type=\"container\" data-e-type=\"container\">\n\t\t\t\t\t<div class=\"e-con-inner\">\n\t\t<div class=\"elementor-element elementor-element-8f6cb41 e-grid e-con-full e-con e-child\" data-id=\"8f6cb41\" data-element_type=\"container\" data-e-type=\"container\">\n\t\t<div class=\"elementor-element elementor-element-d1d927a e-con-full e-flex e-con e-child\" data-id=\"d1d927a\" data-element_type=\"container\" data-e-type=\"container\" data-settings=\"{&quot;background_background&quot;:&quot;classic&quot;}\">\n\t\t<div class=\"elementor-element elementor-element-345892d e-con-full e-flex e-con e-child\" data-id=\"345892d\" data-element_type=\"container\" data-e-type=\"container\">\n\t\t\t\t<div class=\"elementor-element elementor-element-c0390e4 elementor-widget elementor-widget-image\" data-id=\"c0390e4\" data-element_type=\"widget\" data-e-type=\"widget\" data-settings=\"{&quot;_animation&quot;:&quot;none&quot;}\" data-widget_type=\"image.default\">\n\t\t\t\t<div class=\"elementor-widget-container\">\n\t\t\t\t\t\t\t\t\t\t\t\t\t\t\t<img loading=\"lazy\" decoding=\"async\" width=\"567\" height=\"266\" src=\"https:\/\/cimm-icmm.org\/wp-content\/uploads\/2025\/03\/dossiers.webp\" class=\"attachment-large size-large wp-image-21370\" alt=\"\" \/>\t\t\t\t\t\t\t\t\t\t\t\t\t\t\t<\/div>\n\t\t\t\t<\/div>\n\t\t\t\t<\/div>\n\t\t\t\t<div class=\"elementor-element elementor-element-6af2c73 elementor-widget elementor-widget-text-editor\" data-id=\"6af2c73\" data-element_type=\"widget\" data-e-type=\"widget\" data-widget_type=\"text-editor.default\">\n\t\t\t\t<div class=\"elementor-widget-container\">\n\t\t\t\t\t\t\t\t\t<h4 class=\"p1\"><span style=\"color: #ffffff;\">Documentos oficiales<\/span><\/h4>\t\t\t\t\t\t\t\t<\/div>\n\t\t\t\t<\/div>\n\t\t\t\t<div class=\"elementor-element elementor-element-f544fc9 elementor-widget elementor-widget-text-editor\" data-id=\"f544fc9\" data-element_type=\"widget\" data-e-type=\"widget\" data-widget_type=\"text-editor.default\">\n\t\t\t\t<div class=\"elementor-widget-container\">\n\t\t\t\t\t\t\t\t\t<div class=\"MjjYud\"><div class=\"g Ww4FFb vt6azd tF2Cxc asEBEc\" lang=\"fr\" data-hveid=\"CCoQAA\" data-ved=\"2ahUKEwjXra-IhZ6LAxU7cKQEHaR3LkwQFSgAegQIKhAA\"><div class=\"N54PNb BToiNc\" data-snc=\"aoB80c\"><div class=\"kb0PBd A9Y9g\" data-snf=\"nke7rc\" data-sncf=\"1\"><div class=\"VwiC3b yXK7lf p4wth r025kc hJNv6b Hdw6tb\"><strong><a href=\"https:\/\/cimm-icmm.org\/es\/documentos-oficiales\/\"><span style=\"color: #ffffff;\">M\u00e1s informaci\u00f3n<\/span><\/a><\/strong><\/div><\/div><\/div><\/div><\/div>\t\t\t\t\t\t\t\t<\/div>\n\t\t\t\t<\/div>\n\t\t\t\t<\/div>\n\t\t\t\t<\/div>\n\t\t\t\t\t<\/div>\n\t\t\t\t<\/div>\n\t\t<div class=\"elementor-element elementor-element-5d94731 e-flex e-con-boxed e-con e-parent\" data-id=\"5d94731\" data-element_type=\"container\" data-e-type=\"container\">\n\t\t\t\t\t<div class=\"e-con-inner\">\n\t\t\t\t<div class=\"elementor-element elementor-element-7903ec2 elementor-widget elementor-widget-spacer\" data-id=\"7903ec2\" data-element_type=\"widget\" data-e-type=\"widget\" data-widget_type=\"spacer.default\">\n\t\t\t\t<div class=\"elementor-widget-container\">\n\t\t\t\t\t\t\t<div class=\"elementor-spacer\">\n\t\t\t<div class=\"elementor-spacer-inner\"><\/div>\n\t\t<\/div>\n\t\t\t\t\t\t<\/div>\n\t\t\t\t<\/div>\n\t\t\t\t\t<\/div>\n\t\t\t\t<\/div>\n\t\t\t\t<\/div>\n\t\t","protected":false},"excerpt":{"rendered":"<p>Sobre nosotros \u00bfQui\u00e9nes somos? El Comit\u00e9 Internacional de Medicina Militar (ICMM) es una organizaci\u00f3n internacional intergubernamental fundada en 1921. Como homenaje a B\u00e9lgica, que tom\u00f3 la iniciativa de fundar la&hellip;&nbsp;<a href=\"https:\/\/cimm-icmm.org\/es\/sobre-nosotros-3\/\" rel=\"bookmark\">Leer m\u00e1s &raquo;<span class=\"screen-reader-text\">Sobre nosotros<\/span><\/a><\/p>\n","protected":false},"author":1,"featured_media":0,"parent":0,"menu_order":0,"comment_status":"closed","ping_status":"closed","template":"page-templates\/template-pagebuilder-full-width.php","meta":{"_acf_changed":false,"inline_featured_image":false,"neve_meta_sidebar":"","neve_meta_container":"","neve_meta_enable_content_width":"","neve_meta_content_width":0,"neve_meta_title_alignment":"","neve_meta_author_avatar":"","neve_post_elements_order":"","neve_meta_disable_header":"","neve_meta_disable_footer":"","neve_meta_disable_title":"","footnotes":""},"class_list":["post-33488","page","type-page","status-publish","hentry"],"acf":[],"_links":{"self":[{"href":"https:\/\/cimm-icmm.org\/es\/wp-json\/wp\/v2\/pages\/33488","targetHints":{"allow":["GET"]}}],"collection":[{"href":"https:\/\/cimm-icmm.org\/es\/wp-json\/wp\/v2\/pages"}],"about":[{"href":"https:\/\/cimm-icmm.org\/es\/wp-json\/wp\/v2\/types\/page"}],"author":[{"embeddable":true,"href":"https:\/\/cimm-icmm.org\/es\/wp-json\/wp\/v2\/users\/1"}],"replies":[{"embeddable":true,"href":"https:\/\/cimm-icmm.org\/es\/wp-json\/wp\/v2\/comments?post=33488"}],"version-history":[{"count":4,"href":"https:\/\/cimm-icmm.org\/es\/wp-json\/wp\/v2\/pages\/33488\/revisions"}],"predecessor-version":[{"id":33503,"href":"https:\/\/cimm-icmm.org\/es\/wp-json\/wp\/v2\/pages\/33488\/revisions\/33503"}],"wp:attachment":[{"href":"https:\/\/cimm-icmm.org\/es\/wp-json\/wp\/v2\/media?parent=33488"}],"curies":[{"name":"wp","href":"https:\/\/api.w.org\/{rel}","templated":true}]}}